{"id":3,"date":"2023-12-01T20:37:19","date_gmt":"2023-12-01T20:37:19","guid":{"rendered":"http:\/\/multi21-vehicles.com\/?page_id=3"},"modified":"2025-03-16T19:15:54","modified_gmt":"2025-03-16T19:15:54","slug":"privacy-policy","status":"publish","type":"page","link":"https:\/\/multi21-vehicles.com\/index.php\/privacy-policy\/","title":{"rendered":"Pol\u00edtica de privacidad"},"content":{"rendered":"\n<p>POL\u00cdTICA DE PRIVACIDAD<\/p>\n\n\n\n<ol class=\"wp-block-list\">\n<li>RESPONSABLE DEL TRATAMIENTO<br>\u00bfQui\u00e9n es el responsable de sus datos?<br>Titular: Multi 21 Vehicles S L<br>Domicilio social: Calle del Gas\u00f3metro, 11 28005 Madrid, Madrid.<br>E-mail: info@multi21-vehicles.com<\/li>\n\n\n\n<li>. FINALIDAD DEL TRATAMIENTO DE LOS DATOS Y CATEGOR\u00cdAS DE DATOS TRATADOS<\/li>\n<\/ol>\n\n\n\n<p>\u00bfCon qu\u00e9 finalidad y durante cu\u00e1nto tiempo trataremos sus datos personales?<\/p>\n\n\n\n<ul class=\"wp-block-list\">\n<li>Gestionar la contrataci\u00f3n de servicios que realice a trav\u00e9s de la p\u00e1gina, as\u00ed como la<br>facturaci\u00f3n y entrega correspondiente.<\/li>\n\n\n\n<li>Remitir peri\u00f3dicamente comunicaciones electr\u00f3nicas sobre servicios, eventos y<br>noticias relacionadas con nuestra actividad profesional, salvo que se indique lo<br>contrario o el usuario se oponga o revoque su consentimiento.<\/li>\n\n\n\n<li>Remitir peri\u00f3dicamente informaci\u00f3n comercial y\/o promocional relacionada con el<br>sector de servicios contratados y de valor a\u00f1adido para los usuarios finales, salvo que<br>se indique lo contrario o el usuario se oponga o revoque su consentimiento.<\/li>\n<\/ul>\n\n\n\n<p>\u00bfCu\u00e1nto tiempo guardamos sus datos?<br>Los datos personales de los usuarios se coservar\u00e1n \u00fanicamente durante el tiempo necesario<br>para la realizaci\u00f3n de las finalidades para las que fueron recogidos, mientras no revoque los<br>consentimientos otorgados. Posteriormente, en caso de ser necesario, mantendr\u00e1 la<br>informaci\u00f3n bloqueada los plazos legalmente establecidos.<\/p>\n\n\n\n<ol start=\"3\" class=\"wp-block-list\">\n<li>COMUNICACIONES DE DATOS<br>\u00bfA qu\u00e9 destinatarios se comunicar\u00e1n tus datos?<br>Le informamos que determinados datos, en el marco de la normativa vigente o de la relaci\u00f3n<br>contractual que mantenga, puede ser comunicados a:<\/li>\n<\/ol>\n\n\n\n<ul class=\"wp-block-list\">\n<li>Administraciones p\u00fablicas con competencia en la materia, cuando as\u00ed lo establezca la<br>normativa vigente.<\/li>\n\n\n\n<li>Las Fuerzas y Cuerpos de Seguridad del Estado en virtud de lo establecido en la Ley.<\/li>\n\n\n\n<li>Los Bancos y entidades financieras para el cobro de los servicios ofrecidos.<\/li>\n\n\n\n<li>Otros profesionales del \u00e1mbito jur\u00eddico, cuando dicha comunicaci\u00f3n sea necesaria<br>normativamente, o para la ejecuci\u00f3n de los servicios contratados.<\/li>\n<\/ul>\n\n\n\n<ol start=\"3\" class=\"wp-block-list\">\n<li>LEGITIMACI\u00d3N<\/li>\n<\/ol>\n\n\n\n<p>\u00bfCu\u00e1l es la legitimaci\u00f3n para el tratamiento de sus datos?<br>La legitimaci\u00f3n para llevar a cabo el tratamiento de los datos de los usuarios encuentra en el<br>consentimiento del interesado, solicitado para el caso concreto.<br>Por su parte, la gesti\u00f3n de la contrataci\u00f3n de servicios, pago, facturaci\u00f3n y env\u00edos<br>correspondientes, est\u00e1 legitimada por la propia ejecuci\u00f3n del contrato.<br>El tratamiento de los datos con el fin de remitir boletines electr\u00f3nicos sobre servicios, eventos<br>y noticias relacionadas con nuestra actividad profesional, se basa en el inter\u00e9s leg\u00edtimo en el<br>caso de existir una relaci\u00f3n contractual previa y, en otros casos, el consentimiento.<br>Igualmente se podr\u00e1 utilizar la informaci\u00f3n del usuario para el cumplimiento de las diferentes<br>obligaciones legales.<\/p>\n\n\n\n<ol start=\"5\" class=\"wp-block-list\">\n<li>DERECHOS DE LOS USUARIOS<br>\u00bfQu\u00e9 derechos tiene el interesado?<br>Puede enviarnos un escrito a nombre de la entidad a la direcci\u00f3n <strong><em>o a trav\u00e9s de la<br>direcci\u00f3n de correo electr\u00f3nico <\/em><\/strong>info@multi21-vehicles.com. En cualquier momento y de manera gratuita,<br>los siguientes derechos:<\/li>\n<\/ol>\n\n\n\n<ul class=\"wp-block-list\">\n<li>Revocar los consentimientos otorgados.<\/li>\n\n\n\n<li>Obtener confirmaci\u00f3n acerca de si se est\u00e1n tratando datos personales que le<br>conciernen o no.<\/li>\n\n\n\n<li>Acceder a sus datos personales.<\/li>\n\n\n\n<li>Rectificar los datos inexactos o incompletos.<\/li>\n\n\n\n<li>Solicitar la supresi\u00f3n de sus datos cuando, entre otros motivos, los datos ya no sean<br>necesarios para los fines que fueron recogidos.<\/li>\n\n\n\n<li>Obtener la limitaci\u00f3n del tratamiento de los datos cuando se cumpla alguna de las<br>condiciones previstas en la normativa de protecci\u00f3n de datos.<\/li>\n\n\n\n<li>En determinadas circunstancias y por motivos relacionados con su situaci\u00f3n particular<br>al tratamiento de sus datos, los interesados podr\u00e1n oponerse al tratamiento de sus<br>datos.<\/li>\n\n\n\n<li>Obtener intervenci\u00f3n humana, a expresar su punto de vista y a impugnar las<br>decisiones automatizadas a adoptadas por el responsable del tratamiento.<\/li>\n\n\n\n<li>Solicitar la portabilidad de sus datos.<\/li>\n\n\n\n<li>Reclamar ante la Agencia Espa\u00f1ola de Protecci\u00f3n de Datos, cuando el interesado<br>considere que se ha vulnerado los derechos que le son reconocidos por la normativa<br>aplicable en protecci\u00f3n de datos.<br>Desde multi21-vehicles estamos comprometidos con el cumplimiento normativo y el respeto de los<br>derechos de los usuarios, as\u00ed como el respeto a su privacidad, por lo que si tiene alguna duda<br>con respecto a como tratamos sus datos personales, no dude en ponerse en contacto con<br>nosotros a trav\u00e9s de las v\u00edas indicadas.<\/li>\n<\/ul>\n\n\n\n<p>\u00daltima actualizaci\u00f3n: 16 de Marzo de 2025<\/p>\n","protected":false},"excerpt":{"rendered":"<p>POL\u00cdTICA DE PRIVACIDAD \u00bfCon qu\u00e9 finalidad y durante cu\u00e1nto tiempo trataremos sus datos personales? \u00bfCu\u00e1nto [&hellip;]<\/p>\n","protected":false},"author":1,"featured_media":0,"parent":0,"menu_order":0,"comment_status":"closed","ping_status":"open","template":"","meta":{"footnotes":""},"class_list":["post-3","page","type-page","status-publish","hentry"],"yoast_head":"<!-- This site is optimized with the Yoast SEO plugin v26.1.1 - https:\/\/yoast.com\/wordpress\/plugins\/seo\/ -->\n<title>Pol\u00edtica de privacidad -<\/title>\n<meta name=\"robots\" content=\"index, follow, max-snippet:-1, max-image-preview:large, max-video-preview:-1\" \/>\n<link rel=\"canonical\" href=\"https:\/\/multi21-vehicles.com\/index.php\/privacy-policy\/\" \/>\n<meta property=\"og:locale\" content=\"es_ES\" \/>\n<meta property=\"og:type\" content=\"article\" \/>\n<meta property=\"og:title\" content=\"Pol\u00edtica de privacidad -\" \/>\n<meta property=\"og:description\" content=\"POL\u00cdTICA DE PRIVACIDAD \u00bfCon qu\u00e9 finalidad y durante cu\u00e1nto tiempo trataremos sus datos personales? \u00bfCu\u00e1nto [&hellip;]\" \/>\n<meta property=\"og:url\" content=\"https:\/\/multi21-vehicles.com\/index.php\/privacy-policy\/\" \/>\n<meta property=\"article:modified_time\" content=\"2025-03-16T19:15:54+00:00\" \/>\n<meta name=\"twitter:card\" content=\"summary_large_image\" \/>\n<meta name=\"twitter:label1\" content=\"Tiempo de lectura\" \/>\n\t<meta name=\"twitter:data1\" content=\"3 minutos\" \/>\n<script type=\"application\/ld+json\" class=\"yoast-schema-graph\">{\"@context\":\"https:\/\/schema.org\",\"@graph\":[{\"@type\":\"WebPage\",\"@id\":\"https:\/\/multi21-vehicles.com\/index.php\/privacy-policy\/\",\"url\":\"https:\/\/multi21-vehicles.com\/index.php\/privacy-policy\/\",\"name\":\"Pol\u00edtica de privacidad -\",\"isPartOf\":{\"@id\":\"https:\/\/multi21-vehicles.com\/#website\"},\"datePublished\":\"2023-12-01T20:37:19+00:00\",\"dateModified\":\"2025-03-16T19:15:54+00:00\",\"breadcrumb\":{\"@id\":\"https:\/\/multi21-vehicles.com\/index.php\/privacy-policy\/#breadcrumb\"},\"inLanguage\":\"es\",\"potentialAction\":[{\"@type\":\"ReadAction\",\"target\":[\"https:\/\/multi21-vehicles.com\/index.php\/privacy-policy\/\"]}]},{\"@type\":\"BreadcrumbList\",\"@id\":\"https:\/\/multi21-vehicles.com\/index.php\/privacy-policy\/#breadcrumb\",\"itemListElement\":[{\"@type\":\"ListItem\",\"position\":1,\"name\":\"Portada\",\"item\":\"https:\/\/multi21-vehicles.com\/\"},{\"@type\":\"ListItem\",\"position\":2,\"name\":\"Pol\u00edtica de privacidad\"}]},{\"@type\":\"WebSite\",\"@id\":\"https:\/\/multi21-vehicles.com\/#website\",\"url\":\"https:\/\/multi21-vehicles.com\/\",\"name\":\"Multi21-Vehicles\",\"description\":\"Multi-21Vehicles\",\"publisher\":{\"@id\":\"https:\/\/multi21-vehicles.com\/#organization\"},\"potentialAction\":[{\"@type\":\"SearchAction\",\"target\":{\"@type\":\"EntryPoint\",\"urlTemplate\":\"https:\/\/multi21-vehicles.com\/?s={search_term_string}\"},\"query-input\":{\"@type\":\"PropertyValueSpecification\",\"valueRequired\":true,\"valueName\":\"search_term_string\"}}],\"inLanguage\":\"es\"},{\"@type\":\"Organization\",\"@id\":\"https:\/\/multi21-vehicles.com\/#organization\",\"name\":\"Multi21-Vehicles\",\"url\":\"https:\/\/multi21-vehicles.com\/\",\"logo\":{\"@type\":\"ImageObject\",\"inLanguage\":\"es\",\"@id\":\"https:\/\/multi21-vehicles.com\/#\/schema\/logo\/image\/\",\"url\":\"https:\/\/multi21-vehicles.com\/wp-content\/uploads\/2023\/12\/cropped-cropped-logoavilasinfondo.png\",\"contentUrl\":\"https:\/\/multi21-vehicles.com\/wp-content\/uploads\/2023\/12\/cropped-cropped-logoavilasinfondo.png\",\"width\":364,\"height\":212,\"caption\":\"Multi21-Vehicles\"},\"image\":{\"@id\":\"https:\/\/multi21-vehicles.com\/#\/schema\/logo\/image\/\"},\"sameAs\":[\"https:\/\/www.instagram.com\/multi21vehicles?igsh=MWE3ZWRxZm96ZTE4ag==\",\"https:\/\/www.tiktok.com\/@multi.21.vehicles?_t=8jmNpLnYHY1&_r=1\"]}]}<\/script>\n<!-- \/ Yoast SEO plugin. -->","yoast_head_json":{"title":"Pol\u00edtica de privacidad -","robots":{"index":"index","follow":"follow","max-snippet":"max-snippet:-1","max-image-preview":"max-image-preview:large","max-video-preview":"max-video-preview:-1"},"canonical":"https:\/\/multi21-vehicles.com\/index.php\/privacy-policy\/","og_locale":"es_ES","og_type":"article","og_title":"Pol\u00edtica de privacidad -","og_description":"POL\u00cdTICA DE PRIVACIDAD \u00bfCon qu\u00e9 finalidad y durante cu\u00e1nto tiempo trataremos sus datos personales? \u00bfCu\u00e1nto [&hellip;]","og_url":"https:\/\/multi21-vehicles.com\/index.php\/privacy-policy\/","article_modified_time":"2025-03-16T19:15:54+00:00","twitter_card":"summary_large_image","twitter_misc":{"Tiempo de lectura":"3 minutos"},"schema":{"@context":"https:\/\/schema.org","@graph":[{"@type":"WebPage","@id":"https:\/\/multi21-vehicles.com\/index.php\/privacy-policy\/","url":"https:\/\/multi21-vehicles.com\/index.php\/privacy-policy\/","name":"Pol\u00edtica de privacidad -","isPartOf":{"@id":"https:\/\/multi21-vehicles.com\/#website"},"datePublished":"2023-12-01T20:37:19+00:00","dateModified":"2025-03-16T19:15:54+00:00","breadcrumb":{"@id":"https:\/\/multi21-vehicles.com\/index.php\/privacy-policy\/#breadcrumb"},"inLanguage":"es","potentialAction":[{"@type":"ReadAction","target":["https:\/\/multi21-vehicles.com\/index.php\/privacy-policy\/"]}]},{"@type":"BreadcrumbList","@id":"https:\/\/multi21-vehicles.com\/index.php\/privacy-policy\/#breadcrumb","itemListElement":[{"@type":"ListItem","position":1,"name":"Portada","item":"https:\/\/multi21-vehicles.com\/"},{"@type":"ListItem","position":2,"name":"Pol\u00edtica de privacidad"}]},{"@type":"WebSite","@id":"https:\/\/multi21-vehicles.com\/#website","url":"https:\/\/multi21-vehicles.com\/","name":"Multi21-Vehicles","description":"Multi-21Vehicles","publisher":{"@id":"https:\/\/multi21-vehicles.com\/#organization"},"potentialAction":[{"@type":"SearchAction","target":{"@type":"EntryPoint","urlTemplate":"https:\/\/multi21-vehicles.com\/?s={search_term_string}"},"query-input":{"@type":"PropertyValueSpecification","valueRequired":true,"valueName":"search_term_string"}}],"inLanguage":"es"},{"@type":"Organization","@id":"https:\/\/multi21-vehicles.com\/#organization","name":"Multi21-Vehicles","url":"https:\/\/multi21-vehicles.com\/","logo":{"@type":"ImageObject","inLanguage":"es","@id":"https:\/\/multi21-vehicles.com\/#\/schema\/logo\/image\/","url":"https:\/\/multi21-vehicles.com\/wp-content\/uploads\/2023\/12\/cropped-cropped-logoavilasinfondo.png","contentUrl":"https:\/\/multi21-vehicles.com\/wp-content\/uploads\/2023\/12\/cropped-cropped-logoavilasinfondo.png","width":364,"height":212,"caption":"Multi21-Vehicles"},"image":{"@id":"https:\/\/multi21-vehicles.com\/#\/schema\/logo\/image\/"},"sameAs":["https:\/\/www.instagram.com\/multi21vehicles?igsh=MWE3ZWRxZm96ZTE4ag==","https:\/\/www.tiktok.com\/@multi.21.vehicles?_t=8jmNpLnYHY1&_r=1"]}]}},"_links":{"self":[{"href":"https:\/\/multi21-vehicles.com\/index.php\/wp-json\/wp\/v2\/pages\/3","targetHints":{"allow":["GET"]}}],"collection":[{"href":"https:\/\/multi21-vehicles.com\/index.php\/wp-json\/wp\/v2\/pages"}],"about":[{"href":"https:\/\/multi21-vehicles.com\/index.php\/wp-json\/wp\/v2\/types\/page"}],"author":[{"embeddable":true,"href":"https:\/\/multi21-vehicles.com\/index.php\/wp-json\/wp\/v2\/users\/1"}],"replies":[{"embeddable":true,"href":"https:\/\/multi21-vehicles.com\/index.php\/wp-json\/wp\/v2\/comments?post=3"}],"version-history":[{"count":6,"href":"https:\/\/multi21-vehicles.com\/index.php\/wp-json\/wp\/v2\/pages\/3\/revisions"}],"predecessor-version":[{"id":99,"href":"https:\/\/multi21-vehicles.com\/index.php\/wp-json\/wp\/v2\/pages\/3\/revisions\/99"}],"wp:attachment":[{"href":"https:\/\/multi21-vehicles.com\/index.php\/wp-json\/wp\/v2\/media?parent=3"}],"curies":[{"name":"wp","href":"https:\/\/api.w.org\/{rel}","templated":true}]}}